{"id":114,"date":"2014-02-12T21:22:51","date_gmt":"2014-02-12T20:22:51","guid":{"rendered":"http:\/\/rrkserwis.nazwa.pl\/paulini\/?page_id=114"},"modified":"2026-04-11T18:55:57","modified_gmt":"2026-04-11T16:55:57","slug":"ogloszenia-parafialne","status":"publish","type":"page","link":"https:\/\/wagrowiec.paulini.pl\/?page_id=114","title":{"rendered":"Og\u0142oszenia Parafialne"},"content":{"rendered":"<p><span style=\"font-size: 18pt; color: #ff0000;\"><em><strong>Niedziela Mi\u0142osierdzia Bo\u017cego \u2013 12.04.2026<\/strong><\/em><\/span><\/p>\n<p><strong>1. Dzisiaj o godz.: 15.00 do Klasztoru zapraszamy na Nabo\u017ce\u0144stwo do Mi\u0142osierdzia Bo\u017cego<\/strong><\/p>\n<p><strong>2. W poniedzia\u0142ek przypada Dzie\u0144 Pami\u0119ci Ofiar Zbrodni Katy\u0144skiej<\/strong><\/p>\n<p><strong>3. W \u015brod\u0119 14 kwietnia obchodzimy \u015awi\u0119to Chrztu Polski<\/strong><br \/>\n<strong>Po Mszy wieczornej spotkanie m\u0142odzie\u017cy przygotowuj\u0105cej si\u0119 do Bierzmowania \u2013 grupa I.<\/strong><br \/>\n<strong>R\u00f3wnie\u017c w \u015brod\u0119, po Mszy wieczornej spotkanie braci \u015aw. Wojciecha.<\/strong><\/p>\n<p><strong>4. We wtorek i czwartek po wieczornej Mszy \u015bw. o godzinie 18:45 spotkania dla dzieci i rodzic\u00f3w przed Pierwsz\u0105 Komuni\u0105 \u015awi\u0119t\u0105.<\/strong><\/p>\n<p><strong>5. R\u00f3wnie\u017c w czwartek po Mszy wieczornej, spotkanie m\u0142odzie\u017cy przygotowuj\u0105cej si\u0119 do Bierzmowania grupa II.<\/strong><\/p>\n<p><strong>6. W sobot\u0119 18 kwietnia &#8211; wyjazd R\u00f3\u017c R\u00f3\u017ca\u0144cowych do Biechowa na coroczne spotkanie K\u00f3\u0142 \u017bywego R\u00f3\u017ca\u0144ca Archidiecezji Gnie\u017anie\u0144skiej. S\u0105 jeszcze wolne miejsca. Ch\u0119tnych zapraszamy do zapis\u00f3w u p. Gra\u017cyny. Koszt 50 z\u0142.<\/strong><\/p>\n<p><strong>7. Organizowana jest Pielgrzymka M\u0142odzie\u017cy do Grobu \u015bw. Wojciecha. Wszelkie informacje wywieszone s\u0105 w gablocie przed ko\u015bcio\u0142em.<\/strong><\/p>\n<p><strong>8. Zapowiedzi przedma\u0142\u017ce\u0144skie umieszczone s\u0105 w gablocie przed ko\u015bcio\u0142em. Gdyby by\u0142a jaka\u015b przeszkoda prosimy o zg\u0142oszenie jej do biura parafialnego.<\/strong><\/p>\n","protected":false},"excerpt":{"rendered":"<p>Niedziela Mi\u0142osierdzia Bo\u017cego \u2013 12.04.2026 1. Dzisiaj o godz.: 15.00 do Klasztoru zapraszamy na Nabo\u017ce\u0144stwo do Mi\u0142osierdzia Bo\u017cego 2. W poniedzia\u0142ek przypada Dzie\u0144 Pami\u0119ci Ofiar Zbrodni Katy\u0144skiej 3. W \u015brod\u0119 14 kwietnia obchodzimy \u015awi\u0119to Chrztu Polski Po Mszy wieczornej spotkanie m\u0142odzie\u017cy przygotowuj\u0105cej si\u0119 do Bierzmowania \u2013 grupa I. R\u00f3wnie\u017c w \u015brod\u0119, po Mszy wieczornej spotkanie&#8230;<\/p>\n<p class=\"custom-read-more\">\n                <a href=\"https:\/\/wagrowiec.paulini.pl\/?page_id=114\">Czytaj dalej<\/a>\n             <\/p>","protected":false},"author":1,"featured_media":16973,"parent":91,"menu_order":0,"comment_status":"open","ping_status":"open","template":"","meta":{"om_disable_all_campaigns":false,"_monsterinsights_skip_tracking":false,"_monsterinsights_sitenote_active":false,"_monsterinsights_sitenote_note":"","_monsterinsights_sitenote_category":0,"footnotes":""},"class_list":["post-114","page","type-page","status-publish","has-post-thumbnail","hentry"],"aioseo_notices":[],"_links":{"self":[{"href":"https:\/\/wagrowiec.paulini.pl\/index.php?rest_route=\/wp\/v2\/pages\/114","targetHints":{"allow":["GET"]}}],"collection":[{"href":"https:\/\/wagrowiec.paulini.pl\/index.php?rest_route=\/wp\/v2\/pages"}],"about":[{"href":"https:\/\/wagrowiec.paulini.pl\/index.php?rest_route=\/wp\/v2\/types\/page"}],"author":[{"embeddable":true,"href":"https:\/\/wagrowiec.paulini.pl\/index.php?rest_route=\/wp\/v2\/users\/1"}],"replies":[{"embeddable":true,"href":"https:\/\/wagrowiec.paulini.pl\/index.php?rest_route=%2Fwp%2Fv2%2Fcomments&post=114"}],"version-history":[{"count":917,"href":"https:\/\/wagrowiec.paulini.pl\/index.php?rest_route=\/wp\/v2\/pages\/114\/revisions"}],"predecessor-version":[{"id":16565,"href":"https:\/\/wagrowiec.paulini.pl\/index.php?rest_route=\/wp\/v2\/pages\/114\/revisions\/16565"}],"up":[{"embeddable":true,"href":"https:\/\/wagrowiec.paulini.pl\/index.php?rest_route=\/wp\/v2\/pages\/91"}],"wp:featuredmedia":[{"embeddable":true,"href":"https:\/\/wagrowiec.paulini.pl\/index.php?rest_route=\/wp\/v2\/media\/16973"}],"wp:attachment":[{"href":"https:\/\/wagrowiec.paulini.pl\/index.php?rest_route=%2Fwp%2Fv2%2Fmedia&parent=114"}],"curies":[{"name":"wp","href":"https:\/\/api.w.org\/{rel}","templated":true}]}}