{"id":11873,"date":"2021-05-05T21:34:37","date_gmt":"2021-05-05T19:34:37","guid":{"rendered":"http:\/\/wagrowiec.paulini.pl\/?page_id=11873"},"modified":"2021-05-29T00:39:56","modified_gmt":"2021-05-28T22:39:56","slug":"prosby-i-podziekowania","status":"publish","type":"page","link":"https:\/\/wagrowiec.paulini.pl\/?page_id=11873","title":{"rendered":"Skrzynka Intencji"},"content":{"rendered":"<h3 style=\"text-align: center;\"><span style=\"color: #ff6600;\"><strong>Pro\u015bby, podzi\u0119kowania, otrzymane \u0142aski prosimy przesy\u0142a\u0107 za po\u015brednictwem poni\u017cszego formularza.<\/strong><\/span><\/h3>\n","protected":false},"excerpt":{"rendered":"<p>Pro\u015bby, podzi\u0119kowania, otrzymane \u0142aski prosimy przesy\u0142a\u0107 za po\u015brednictwem poni\u017cszego formularza.<\/p>\n<p class=\"custom-read-more\">\n                <a href=\"https:\/\/wagrowiec.paulini.pl\/?page_id=11873\">Czytaj dalej<\/a>\n             <\/p>","protected":false},"author":1,"featured_media":11882,"parent":0,"menu_order":0,"comment_status":"open","ping_status":"closed","template":"","meta":{"om_disable_all_campaigns":false,"_monsterinsights_skip_tracking":false,"_monsterinsights_sitenote_active":false,"_monsterinsights_sitenote_note":"","_monsterinsights_sitenote_category":0,"footnotes":""},"class_list":["post-11873","page","type-page","status-publish","has-post-thumbnail","hentry"],"aioseo_notices":[],"_links":{"self":[{"href":"https:\/\/wagrowiec.paulini.pl\/index.php?rest_route=\/wp\/v2\/pages\/11873","targetHints":{"allow":["GET"]}}],"collection":[{"href":"https:\/\/wagrowiec.paulini.pl\/index.php?rest_route=\/wp\/v2\/pages"}],"about":[{"href":"https:\/\/wagrowiec.paulini.pl\/index.php?rest_route=\/wp\/v2\/types\/page"}],"author":[{"embeddable":true,"href":"https:\/\/wagrowiec.paulini.pl\/index.php?rest_route=\/wp\/v2\/users\/1"}],"replies":[{"embeddable":true,"href":"https:\/\/wagrowiec.paulini.pl\/index.php?rest_route=%2Fwp%2Fv2%2Fcomments&post=11873"}],"version-history":[{"count":10,"href":"https:\/\/wagrowiec.paulini.pl\/index.php?rest_route=\/wp\/v2\/pages\/11873\/revisions"}],"predecessor-version":[{"id":12360,"href":"https:\/\/wagrowiec.paulini.pl\/index.php?rest_route=\/wp\/v2\/pages\/11873\/revisions\/12360"}],"wp:featuredmedia":[{"embeddable":true,"href":"https:\/\/wagrowiec.paulini.pl\/index.php?rest_route=\/wp\/v2\/media\/11882"}],"wp:attachment":[{"href":"https:\/\/wagrowiec.paulini.pl\/index.php?rest_route=%2Fwp%2Fv2%2Fmedia&parent=11873"}],"curies":[{"name":"wp","href":"https:\/\/api.w.org\/{rel}","templated":true}]}}