{"id":213,"date":"2014-02-19T21:09:30","date_gmt":"2014-02-19T20:09:30","guid":{"rendered":"http:\/\/rrkserwis.nazwa.pl\/paulini\/?page_id=213"},"modified":"2014-03-05T20:59:41","modified_gmt":"2014-03-05T19:59:41","slug":"nowenna-do-matki-bozej-nieustajacej-pomocy","status":"publish","type":"page","link":"https:\/\/wagrowiec.paulini.pl\/?page_id=213","title":{"rendered":"Nowenna do Matki Bo\u017cej Nieustaj\u0105cej Pomocy"},"content":{"rendered":"<p style=\"text-align: justify;\"><strong>Kr\u00f3tka historia<\/strong><\/p>\n<p style=\"text-align: justify;\">Kult Matki Bo\u017cej Nieustaj\u0105cej Pomocy si\u0119ga pocz\u0105tk\u00f3w chrze\u015bcija\u0144stwa. Od IV w. mamy wiele oznak kultu publicznego, oddawanego w chrze\u015bcija\u0144stwie \u015awi\u0119tej Bo\u017cej Rodzicielce. Od \u015bredniowiecza pojawiaj\u0105 si\u0119 ko\u015bcio\u0142y i sanktuaria pod wezwaniem Matki Bo\u017cej Nieustaj\u0105cej Pomocy czy te\u017c Matki Bo\u017cej Wspomo\u017cycielki, Matki Bo\u017cej \u0141askawej, Pocieszycielki.<\/p>\n<p style=\"text-align: justify;\">Powstanie ikony Matki Bo\u017cej Nieustaj\u0105cej Pomocy niekt\u00f3rzy datuj\u0105 na IX wiek, ale wed\u0142ug ostro\u017cniejszych szacunk\u00f3w obraz powsta\u0142 nawet w XIV lub XV wieku. Przypuszczenia oparte na analizie artystycznej malowid\u0142a wskazuj\u0105, \u017ce ikona mog\u0142a zosta\u0107 napisana w Bizancjum czy na g\u00f3rze Athos. Stamt\u0105d mog\u0142a trafi\u0107 na Kret\u0119. Istniej\u0105 bowiem przekazy z 1495 roku, m\u00f3wi\u0105ce, \u017ce na Krecie oddawano cze\u015b\u0107 cudownemu wizerunkowi Matki Bo\u017cej. Nie wiadomo, czy by\u0142a to ikona Matki Bo\u017cej Nieustaj\u0105cej Pomocy, jednak na tej informacji \u015blad po cudownej ikonie si\u0119 urywa.<\/p>\n<p style=\"text-align: justify;\">Pierwsza historyczna wzmianka o ikonie Matki Bo\u017cej Nieustaj\u0105cej Pomocy pojawia si\u0119 4 lata p\u00f3\u017aniej, ju\u017c w Rzymie. Przez wiele lat, a\u017c do zburzenia ko\u015bcio\u0142a \u015bw. Mateusza przy cudownym obrazie Matki Bo\u017cej Nieustaj\u0105cej Pomocy &#8211; a wi\u0119c w latach 1499-1808 &#8211; wisia\u0142y dwie tablice: jedna z napisem \u0142aci\u0144skim, druga w\u0142oskim, opisuj\u0105ce dzieje ikony. Jest w nich mowa o tym, \u017ce zosta\u0142y one wykradzione z Krety przez pewnego rzymskiego kupca, kt\u00f3ry ok. 1499 roku wykupi\u0142 lub wykrad\u0142 ikon\u0119 z jednego ze wschodnich ko\u015bcio\u0142\u00f3w. Wracaj\u0105c drog\u0105 morsk\u0105 do Rzymu, w cudowny spos\u00f3b uratowa\u0142 si\u0119 z burzy, co przypisywa\u0142 opatrzno\u015bciowej interwencji Matce Bo\u017cej z ikony. Na kr\u00f3tko przed \u015bmierci\u0105 pozostawi\u0142 obraz swojemu przyjacielowi z poleceniem oddania go do ko\u015bcio\u0142a. Ten jednak nie wype\u0142ni\u0142 ostatniej woli zmar\u0142ego, gdy\u017c ikona bardzo spodoba\u0142a si\u0119 jego \u017conie. Po pewnym czasie sze\u015bcioletniej dziewczynce z tej rodziny przy\u015bni\u0142a si\u0119 Matka Bo\u017ca z \u017cyczeniem, by ikon\u0119 umie\u015bci\u0107 w ko\u015bciele Augustian\u00f3w pw. \u015bw. Mateusza Aposto\u0142a, kt\u00f3ry znajdowa\u0142 si\u0119 przy ich klasztorze na Via Merulana na Wzg\u00f3rzu Eskwili\u0144skim pomi\u0119dzy Bazylik\u0105 Matki Bo\u017cej Wi\u0119kszej a Bazylik\u0105 \u015bw. Jana na Lateranie. Tu ponad 300 lat obraz ten by\u0142 czczony przez lud rzymski.<\/p>\n<p style=\"text-align: justify;\">W 1739 roku ko\u015bci\u00f3\u0142 \u015bw. Mateusza Aposto\u0142a, w kt\u00f3rym znajduje si\u0119 cudowna ikona z Matk\u0105 Bo\u017c\u0105 Nieustaj\u0105cej Pomocy, przej\u0119li augustianie z Irlandii. W 1798 roku Francuzi pod wodz\u0105 marsza\u0142ka Berthiera zdobyli Rzym. Naje\u017ad\u017acy wygnali z Rzymu Papie\u017ca Piusa VI, zniszczyli oko\u0142o 30 ko\u015bcio\u0142\u00f3w, w tym \u015bw. Mateusza i klasztor augustia\u0144ski. Budynki zosta\u0142y rozebrane, a cudown\u0105 ikon\u0119 przeniesiono do \u015bwi\u0105tyni \u015bw. Euzebiusza. W 1819 zakon augustia\u0144ski przeni\u00f3s\u0142 si\u0119 do ko\u015bcio\u0142a Santa Maria in Posterula. Ikon\u0119 Matki Bo\u017cej Nieustaj\u0105cej Pomocy umieszczono w bocznej kaplicy tego ko\u015bcio\u0142a. Poniewa\u017c w o\u0142tarzu g\u0142\u00f3wnym znajdowa\u0142 si\u0119 obraz Matki Bo\u017cej \u0141askawej, powoli zapomniano o ikonie Matki Bo\u017cej Nieustaj\u0105cej Pomocy. Po ponad p\u00f3\u0142 wieku odnalaz\u0142 j\u0105 redemptorysta o. Micha\u0142 Marchi.<\/p>\n<p style=\"text-align: justify;\">Na ziemiach polskich kult Matki Bo\u017cej Nieustaj\u0105cej Pomocy wi\u0105\u017ce si\u0119 przede wszystkim z dzia\u0142alno\u015bci\u0105 misyjn\u0105 redemptoryst\u00f3w. Powstaj\u0105ce tutaj bractwa organizowa\u0142y nie tylko uroczyste obchody \u015bwi\u0119ta Matki Bo\u017cej Nieustaj\u0105cej Pomocy ale r\u00f3wnie\u017c tridua i nabo\u017ce\u0144stwa brackie, w pierwsze niedziele miesi\u0105ca. Do Tuchowa obraz zosta\u0142 sprowadzony w 1899 roku, w tym te\u017c roku powsta\u0142o tutaj bractwo. Pierwsza Nowenna Nieustanna na ziemiach polskich zosta\u0142a odprawiona 23 stycznia 1951 roku w Gliwicach, w ko\u015bciele redemptoryst\u00f3w pw. \u015bw. Krzy\u017ca. Nast\u0119pnie zaprowadzano j\u0105 w innych miastach, mi\u0119dzy innymi: w Krakowie, S\u0142upsku, Sosnowcu, Opolu, Poznaniu i Wroc\u0142awiu. W Tuchowie pierwsza Nowenna zosta\u0142a odprawiona 6 stycznia 1954 roku.<\/p>\n<p style=\"text-align: justify;\">Od tamtych czas\u00f3w Nowenna Nieustanna rozwija si\u0119 w Polsce z wielkim powodzeniem i jest odprawiana, w blisko dw\u00f3ch tysi\u0105cach ko\u015bcio\u0142\u00f3w naszej Ojczyzny. Zasadniczo uk\u0142ad tego nabo\u017ce\u0144stwa pozostaje niezmieniony, chocia\u017c w dobie reformy soborowej wprowadzano w nim wiele zmian.<\/p>\n<p style=\"text-align: justify;\"><em>Opracowano wg materia\u0142\u00f3w pochodz\u0105cych od oo.Redemptoryst\u00f3w.<\/em><\/p>\n<p style=\"text-align: justify;\"><strong>Podzi\u0119kowania i pro\u015bby mo\u017cna sk\u0142ada\u0107 bezpo\u015brednio na o\u0142tarzu na kartkach w \u015bwi\u0105tyni lub przy pomocy formularza elektronicznego, kt\u00f3ry znajduje si\u0119 na naszej stronie w lewym panelu.<\/strong><\/p>\n","protected":false},"excerpt":{"rendered":"<p>Kr\u00f3tka historia Kult Matki Bo\u017cej Nieustaj\u0105cej Pomocy si\u0119ga pocz\u0105tk\u00f3w chrze\u015bcija\u0144stwa. Od IV w. mamy wiele oznak kultu publicznego, oddawanego w chrze\u015bcija\u0144stwie \u015awi\u0119tej Bo\u017cej Rodzicielce. Od \u015bredniowiecza pojawiaj\u0105 si\u0119 ko\u015bcio\u0142y i sanktuaria pod wezwaniem Matki Bo\u017cej Nieustaj\u0105cej Pomocy czy te\u017c Matki Bo\u017cej Wspomo\u017cycielki, Matki Bo\u017cej \u0141askawej, Pocieszycielki. Powstanie ikony Matki Bo\u017cej Nieustaj\u0105cej Pomocy niekt\u00f3rzy datuj\u0105 na&#8230;<\/p>\n<p class=\"custom-read-more\">\n                <a href=\"https:\/\/wagrowiec.paulini.pl\/?page_id=213\">Czytaj dalej<\/a>\n             <\/p>","protected":false},"author":1,"featured_media":0,"parent":163,"menu_order":0,"comment_status":"open","ping_status":"open","template":"","meta":{"om_disable_all_campaigns":false,"_monsterinsights_skip_tracking":false,"_monsterinsights_sitenote_active":false,"_monsterinsights_sitenote_note":"","_monsterinsights_sitenote_category":0,"footnotes":""},"class_list":["post-213","page","type-page","status-publish","hentry"],"aioseo_notices":[],"_links":{"self":[{"href":"https:\/\/wagrowiec.paulini.pl\/index.php?rest_route=\/wp\/v2\/pages\/213","targetHints":{"allow":["GET"]}}],"collection":[{"href":"https:\/\/wagrowiec.paulini.pl\/index.php?rest_route=\/wp\/v2\/pages"}],"about":[{"href":"https:\/\/wagrowiec.paulini.pl\/index.php?rest_route=\/wp\/v2\/types\/page"}],"author":[{"embeddable":true,"href":"https:\/\/wagrowiec.paulini.pl\/index.php?rest_route=\/wp\/v2\/users\/1"}],"replies":[{"embeddable":true,"href":"https:\/\/wagrowiec.paulini.pl\/index.php?rest_route=%2Fwp%2Fv2%2Fcomments&post=213"}],"version-history":[{"count":4,"href":"https:\/\/wagrowiec.paulini.pl\/index.php?rest_route=\/wp\/v2\/pages\/213\/revisions"}],"predecessor-version":[{"id":289,"href":"https:\/\/wagrowiec.paulini.pl\/index.php?rest_route=\/wp\/v2\/pages\/213\/revisions\/289"}],"up":[{"embeddable":true,"href":"https:\/\/wagrowiec.paulini.pl\/index.php?rest_route=\/wp\/v2\/pages\/163"}],"wp:attachment":[{"href":"https:\/\/wagrowiec.paulini.pl\/index.php?rest_route=%2Fwp%2Fv2%2Fmedia&parent=213"}],"curies":[{"name":"wp","href":"https:\/\/api.w.org\/{rel}","templated":true}]}}