{"id":225,"date":"2014-02-19T21:11:36","date_gmt":"2014-02-19T20:11:36","guid":{"rendered":"http:\/\/rrkserwis.nazwa.pl\/paulini\/?page_id=225"},"modified":"2014-03-05T21:04:17","modified_gmt":"2014-03-05T20:04:17","slug":"nabozenstwa-czerwcowe","status":"publish","type":"page","link":"https:\/\/wagrowiec.paulini.pl\/?page_id=225","title":{"rendered":"Nabo\u017ce\u0144stwa czerwcowe"},"content":{"rendered":"<p style=\"text-align: justify;\"><strong>Kult<\/strong><\/p>\n<p style=\"text-align: justify;\">\n<p style=\"text-align: justify;\">\n<p style=\"text-align: justify;\"><strong>Naj\u015bwi\u0119tszego Serca Pana Jezusa<\/strong><\/p>\n<p style=\"text-align: justify;\">\n<p style=\"text-align: justify;\">Czerwiec to miesi\u0105c w spos\u00f3b szczeg\u00f3lny po\u015bwi\u0119cony czci Naj\u015bwi\u0119tszego Serca Pana Jezusa. Kult Serca Jezusowego wywodzi si\u0119 z czas\u00f3w \u015bredniowiecza; pocz\u0105tkowo mia\u0142 charakter prywatny, z czasem ogarn\u0105\u0142 szerokie rzesze spo\u0142ecze\u0144stwa.<\/p>\n<p style=\"text-align: justify;\">Mistyka \u015bredniowiecza \u0142\u0105czy\u0142a kult Serca Jezusowego w bardzo \u017cywym nabo\u017ce\u0144stwem do Naj\u015bw. Rany boku Jezusa. Do najpierwszych, kt\u00f3rzy w Ranie boku, otwartej w\u0142\u00f3czni\u0105 \u017co\u0142nierza, odnale\u017ali Serce Bo\u017ce nale\u017cy nieznany autor poetyckiego utworu\u00a0<em>Winny szczep mistyczny.<\/em>\u00a0M\u00f3wi w nim, \u017ce w\u0142a\u015bnie w tej Ranie odnalaz\u0142 Serce Bo\u017ce, \u017ce spocznie przy Nim, \u017ce si\u0119 ju\u017c z Nim nie rozstanie. Ca\u0142y zakon \u015bw. Dominika Guzmana &#8211; dominikanie &#8211; bardzo wcze\u015bnie przyswoi\u0142 sobie nabo\u017ce\u0144stwo do zranionego boku i Serca Pana Jezusa. W pi\u0105tek po oktawie Bo\u017cego Cia\u0142a, a wi\u0119c w dzie\u0144, kt\u00f3ry sobie Chrystus wybra\u0142 na \u015bwi\u0119to Jego Serca, dominikanie odmawiali oficjum o Ranie boku Pana Jezusa.<\/p>\n<p style=\"text-align: justify;\">Warto wymieni\u0107 przynajmniej kilku \u015bwi\u0119tych i b\u0142ogos\u0142awionych, kt\u00f3rzy wyr\u00f3\u017cniali si\u0119 w \u015bredniowieczu szczeg\u00f3lnym nabo\u017ce\u0144stwem do Serca Pana Jezusa; w tym Sercu znale\u017ali dla siebie \u017ar\u00f3d\u0142o szczeg\u00f3lnej rado\u015bci i u\u015bwi\u0119cenia:<\/p>\n<p style=\"text-align: justify;\"><strong>\u015aw. Mechtylda<\/strong>\u00a0(1241-1298) za zach\u0119t\u0105 samego Pana Jezusa wchodzi\u0142a do Jego Serca i w nim spoczywa\u0142a. Jezus oddawa\u0142 jej swoje Serce jako znak zawartego z ni\u0105 przymierza. Pewnego dnia w czasie spotkania Pan tak mocno przycisn\u0105\u0142 jej serce do swojego Serca, \u017ce mia\u0142a wra\u017cenie, \u017ce odt\u0105d te dwa serca stanowi\u0105 jedno. Mechtylda ka\u017cdego rana wita\u0142a Bo\u017ce Serce i ka\u017cdego wieczora czule je \u017cegna\u0142a.<\/p>\n<p style=\"text-align: justify;\">Podobnym przywilejem cieszy\u0142a si\u0119 m\u0142odsza siostra Mechtyldy,\u00a0<strong>\u015bw. Gertruda<\/strong>\u00a0(1250-1303). Jej zasadnicze dzie\u0142o, kt\u00f3re ws\u0142awi\u0142o jej imi\u0119 po ca\u0142ej Europie, to\u00a0<em>Pose\u0142 Bo\u017cej pobo\u017cno\u015bci.<\/em>\u00a0Jest to prawdziwy poemat mi\u0142o\u015bci Boga do duszy i duszy do Boga. Jego za\u015b \u017ar\u00f3d\u0142em jest Naj\u015bwi\u0119tsze Serce Syna Bo\u017cego. Mo\u017cna powiedzie\u0107, \u017ce Gertruda obcowa\u0142a z Sercem Jezusowym na co dzie\u0144.<\/p>\n<p style=\"text-align: justify;\">Do\u00a0<strong>\u015bw. Ma\u0142gorzaty z Kortony<\/strong>\u00a0(1252-1297) Pan Jezus odezwa\u0142 si\u0119 pewnego dnia: &#8222;Po\u0142\u00f3\u017c twe r\u0119ce na ranach moich r\u0105k!&#8221; Na to \u015bwi\u0119ta: &#8222;Nie, Panie!&#8221; W tej chwili otwar\u0142a si\u0119 rana boku Chrystusa i \u015bwi\u0119ta ujrza\u0142a w niej Serce Zbawcy.<\/p>\n<p style=\"text-align: justify;\">Od XVII wieku nabo\u017ce\u0144stwo do Serca Pana Jezusa staje si\u0119 w\u0142asno\u015bci\u0105 og\u00f3\u0142u wiernych i ca\u0142ego Ko\u015bcio\u0142a. Przyczyni\u0142o si\u0119 do tego dwoje \u015bwi\u0119tych: \u015bw. Jan Eudes i \u015bw. Ma\u0142gorzata Maria Alacoque. Pierwszy dzia\u0142a\u0142 bardziej z w\u0142asnej inicjatywy, natomiast \u015bw. Ma\u0142gorzata &#8211; pod wp\u0142ywem nakaz\u00f3w, jakie otrzyma\u0142a od samego Chrystusa, kt\u00f3ry chcia\u0142 si\u0119 jej po\u015brednictwem pos\u0142u\u017cy\u0107.<\/p>\n<p style=\"text-align: justify;\"><strong>\u015aw. Jan Eudes<\/strong>\u00a0(1601-1680) w dekrecie o heroiczno\u015bci cn\u00f3t (1903) jest nazwany &#8222;tw\u00f3rc\u0105 liturgicznego kultu Serca Jezusa i Maryi&#8221;. W breve beatyfikacyjnym czytamy wprost: &#8222;P\u0142on\u0105c sam szczeg\u00f3ln\u0105 mi\u0142o\u015bci\u0105 ku Naj\u015bw. Sercom Jezusa i Maryi, powzi\u0105\u0142 pierwszy &#8211; a nie by\u0142o to bez natchnienia Bo\u017cego &#8211; my\u015bl publicznego kultu ku ich czci. Nale\u017cy go przeto uwa\u017ca\u0107 za ojca tego, tak mi\u0142ego nam nabo\u017ce\u0144stwa. (&#8230;) By\u0142 tak\u017ce tego kultu doktorem, albowiem ku czci obu Serc u\u0142o\u017cy\u0142 oficjum i Msz\u0119 \u015bwi\u0119t\u0105. By\u0142 wreszcie ich aposto\u0142em, bo ca\u0142ym sercem przyk\u0142ada\u0142 si\u0119 do szerzenia tego zbawiennego nabo\u017ce\u0144stwa&#8221;. Jan Eudes chcia\u0142, aby ono by\u0142o w\u0142asno\u015bci\u0105 wszystkich. Nowo\u015bci\u0105, kt\u00f3r\u0105 wprowadzi\u0142 by\u0142o r\u00f3wnie\u017c to, \u017ce nabo\u017ce\u0144stwo do Serca Pana Jezusa \u0142\u0105czy\u0142 \u015bci\u015ble z nabo\u017ce\u0144stwem do Serca Maryi. Nie umia\u0142 tych dw\u00f3ch Serc roz\u0142\u0105czy\u0107. Wreszcie nabo\u017ce\u0144stwo do tych dw\u00f3ch Serc wprowadzi\u0142 do liturgii Ko\u015bcio\u0142a.<\/p>\n<p style=\"text-align: justify;\">Jan Eudes postawi\u0142 sobie za cel, za program swojej kap\u0142a\u0144skiej misji szerzenie kultu i nabo\u017ce\u0144stwa do Serca Pana Jezusa i do Serca Maryi: niezmordowanym s\u0142owem, pismami i dzie\u0142ami. Za\u0142o\u017cy\u0142 tak\u017ce ku czci tych dw\u00f3ch Serc i pod ich imieniem osobn\u0105 rodzin\u0119 zakonn\u0105 (1641), aby kap\u0142ani tego\u017c zgromadzenia\u00a0<em>ex professo<\/em>\u00a0oddawali si\u0119 szerzeniu nabo\u017ce\u0144stwa do tych dw\u00f3ch Serc. Ku czci tych dw\u00f3ch Serc przepisuje swoim synom duchownym osobne nabo\u017ce\u0144stwa i modlitwy, w\u015br\u00f3d nich pi\u0119kne pozdrowienie:\u00a0<em>Ave Cor sanctissimum, ave Cor amantissimum Jesu et Mariae!<\/em>\u00a0W roku 1643 poleca w swoim zakonie obchodzi\u0107 uroczy\u015bcie \u015bwi\u0119to Naj\u015bwi\u0119tszego Serca Maryi (8 lutego) oraz Serca Pana Jezusa (20 pa\u017adziernika). Uk\u0142ada oficjum na te \u015bwi\u0119ta. W roku 1648 wydaje ksi\u0105\u017ceczk\u0119\u00a0<em>O nabo\u017ce\u0144stwie do Naj\u015bw. Serca Jezusa i Maryi.<\/em>\u00a0W roku 1670 otrzymuje aprobat\u0119 teolog\u00f3w tekst\u00f3w Mszy \u015bwi\u0119tej i oficjum o Naj\u015bw. Sercu Pana Jezusa.<\/p>\n<p style=\"text-align: justify;\">A jednak g\u0142\u00f3wna zas\u0142uga w rozpowszechnianiu si\u0119 nabo\u017ce\u0144stwa do Naj\u015bw. Serca Pana Jezusa przypada skromnej zakonnicy, wizytce,\u00a0<strong>\u015bw. Ma\u0142gorzacie Marii Alacoque<\/strong>\u00a0(1647-1690). \u017by\u0142a ona w tym samym wieku i czasie, co \u015bw. Jan Eudes, ale w zupe\u0142nym ukryciu w klasztorze w Paray-le-Monial. 27 grudnia 1673 roku Ma\u0142gorzata dopuszczona zosta\u0142a do tego, by spocz\u0119\u0142a na Sercu Jezusowym. Pan Jezus pokazuj\u0105c jej swoje Serce pe\u0142ne ognia, rzek\u0142 do niej: &#8222;Moje Boskie Serce tak p\u0142onie mi\u0142o\u015bci\u0105 ku ludziom, \u017ce nie mo\u017ce d\u0142u\u017cej utrzyma\u0107 tych p\u0142omieni gorej\u0105cych, zamkni\u0119tych w moim \u0142onie. Ono pragnie rozla\u0107 je za twoim po\u015brednictwem i pragnie wzbogaci\u0107 ludzi swoimi Bo\u017cymi skarbami&#8221;. Nast\u0119pnie Jezus wzi\u0105\u0142 serce Ma\u0142gorzaty i umie\u015bci\u0142 je symbolicznie w swoim Sercu. Potem ju\u017c przemienione i ja\u015bniej\u0105ce odda\u0142 Ma\u0142gorzacie. Us\u0142ysza\u0142a pocieszaj\u0105ce s\u0142owa: &#8222;Dot\u0105d nosi\u0142a\u015b tylko imi\u0119 mojej s\u0142ugi. Dzisiaj daj\u0119 ci inne imi\u0119 &#8211; umi\u0142owanej uczennicy mojego Serca&#8221;.<\/p>\n<p style=\"text-align: justify;\">Drugie objawienie mia\u0142o miejsce na pocz\u0105tku roku 1674. Pan Jezus ponownie objawi\u0142 Ma\u0142gorzacie swoje Serce i wymieni\u0142 dobrodziejstwa i \u0142aski, jakie przyrzeka czcicielom swojego Serca. &#8222;To nabo\u017ce\u0144stwo &#8211; pisze \u015bw. Ma\u0142gorzata &#8211; jest ostatnim wysi\u0142kiem Jego mi\u0142o\u015bci i b\u0119dzie dla ludzi jedynym ratunkiem w ostatnich czasach&#8221;. W\u015br\u00f3d r\u00f3\u017cnych form czci Pan Jezus za\u017c\u0105da\u0142 czci tak\u017ce wizerunk\u00f3w swojego Serca.<\/p>\n<p style=\"text-align: justify;\">W tym samym roku 1674 mia\u0142o miejsce trzecie z wielkich objawie\u0144. W czasie wystawienia Naj\u015bw. Sakramentu pojawi\u0142 si\u0119 \u015awi\u0119tej Pan Jezus &#8222;ja\u015bniej\u0105cy chwa\u0142\u0105, ze stygmatami pi\u0119ciu ran, ja\u015bniej\u0105cymi jak s\u0142o\u0144ce&#8221;. Pan Jezus ponownie ods\u0142oni\u0142 swoj\u0105 pier\u015b i pokaza\u0142 Serce swoje w pe\u0142ni blasku. Za\u017c\u0105da\u0142, aby w zamian za niewdzi\u0119czno\u015b\u0107, jaka spotyka Jego Serce i Jego mi\u0142o\u015b\u0107, okazan\u0105 rodzajowi ludzkiemu, dusze pobo\u017cne wynagradza\u0142y temu\u017c Sercu zranionemu grzechami i niewdzi\u0119czno\u015bci\u0105 ludzk\u0105. Za\u017c\u0105da\u0142 od \u015bwi\u0119tej, aby w duchu tego\u017c zgromadzenia odbywa\u0142a si\u0119 w ka\u017cd\u0105 noc przed pierwszym pi\u0105tkiem miesi\u0105ca adoracja godzinna (&#8222;godzina \u015bwi\u0119ta&#8221;) oraz aby Komunia \u015bwi\u0119ta w pierwsze pi\u0105tki miesi\u0105ca by\u0142a r\u00f3wnie\u017c ofiarowana w celu wynagrodzenia Boskiemu Sercu za grzechy i ozi\u0119b\u0142o\u015b\u0107 ludzk\u0105.<\/p>\n<p style=\"text-align: justify;\">Wreszcie w pi\u0105tek po oktawie Bo\u017cego Cia\u0142a, 10 czerwca 1675 roku nast\u0105pi\u0142o ostatnie wielkie objawienie. Kiedy Ma\u0142gorzata kl\u0119cza\u0142a przed tabernakulum w czasie nawiedzenia Naj\u015bw. Sakramentu, ukaza\u0142 si\u0119 jej Chrystus, ods\u0142oni\u0142 swoje Serce i powiedzia\u0142: &#8222;Oto Serce, kt\u00f3re tak bardzo umi\u0142owa\u0142o ludzi, \u017ce nie szcz\u0119dzi\u0142o niczego a\u017c do zupe\u0142nego wyniszczenia si\u0119 dla okazania im mi\u0142o\u015bci, a w zamian za to doznaje od wi\u0119kszo\u015bci ludzi tylko gorzkiej niewdzi\u0119czno\u015bci, wzgardy, nieuszanowania, lekcewa\u017cenia, ozi\u0119b\u0142o\u015bci i \u015bwi\u0119tokradztw, jakie oddaj\u0105 mu w tym Sakramencie Mi\u0142o\u015bci. Lecz najbardziej boli Mnie to, \u017ce w podobny spos\u00f3b obchodz\u0105 si\u0119 ze Mn\u0105 serca s\u0142u\u017cbie mojej szczeg\u00f3lnie po\u015bwi\u0119cone. Dlatego \u017c\u0105dam, aby pierwszy pi\u0105tek po oktawie Bo\u017cego Cia\u0142a by\u0142 odt\u0105d po\u015bwi\u0119cony jako osobne \u015bwi\u0119to ku czci Mojego Serca i na wynagrodzenie Mi przez Komuni\u0119 i inne praktyki pobo\u017cne zniewag, jakich doznaj\u0119. W zamian za to obiecuj\u0119 ci, \u017ce Serce moje wyleje hojne \u0142aski na tych wszystkich, kt\u00f3rzy w ten spos\u00f3b oddadz\u0105 Mu cze\u015b\u0107 lub przyczyni\u0105 si\u0119 do jej rozszerzenia&#8221;.<\/p>\n<p style=\"text-align: justify;\">Pan Jezus da\u0142 \u015bw. Ma\u0142gorzacie Alacoque dwana\u015bcie obietnic, dotycz\u0105cych czcicieli Jego Serca:<\/p>\n<ol style=\"text-align: justify;\">\n<li>Dam im \u0142aski, potrzebne w ich stanie.<\/li>\n<li>Ustal\u0119 pok\u00f3j w ich rodzinach.<\/li>\n<li>B\u0119d\u0119 ich pociesza\u0142 w utrapieniach.<\/li>\n<li>B\u0119d\u0119 ich pewn\u0105 ucieczk\u0105 w \u017cyciu, a szczeg\u00f3lnie w godzin\u0119 \u015bmierci.<\/li>\n<li>B\u0119d\u0119 im b\u0142ogos\u0142awi\u0142 w ich przedsi\u0119wzi\u0119ciach.<\/li>\n<li>Grzesznicy znajd\u0105 w mym Sercu \u017ar\u00f3d\u0142o i ocean mi\u0142osierdzia.<\/li>\n<li>Dusze ozi\u0119b\u0142e stan\u0105 si\u0119 gorliwymi.<\/li>\n<li>Dusze gorliwe pr\u0119dko dojd\u0105 do doskona\u0142o\u015bci.<\/li>\n<li>B\u0119d\u0119 b\u0142ogos\u0142awi\u0142 domom, w kt\u00f3rych wizerunek Serca mojego b\u0119dzie czczony.<\/li>\n<li>Osoby, kt\u00f3re b\u0119d\u0105 to nabo\u017ce\u0144stwo rozszerza\u0142y, b\u0119d\u0105 mia\u0142y imi\u0119 swoje wypisane w Sercu moim.<\/li>\n<li>Dam kap\u0142anom dar wzruszania serc nawet najzatwardzialszych.<\/li>\n<li>W nadmiarze mi\u0142osierdzia Serca mojego przyrzekam tym wszystkim, kt\u00f3rzy b\u0119d\u0105 komunikowa\u0107 w pierwsze pi\u0105tki miesi\u0105ca przez dziewi\u0119\u0107 miesi\u0119cy z rz\u0119du w intencji wynagrodzenia, \u017ce mi\u0142o\u015b\u0107 moja udzieli \u0142ask\u0119 pokuty, i\u017c nie umr\u0105 w mojej nie\u0142asce, ani bez Sakrament\u00f3w \u015bwi\u0119tych, a Serce moje b\u0119dzie im pewn\u0105 ucieczk\u0105 w ostatniej godzinie \u017cycia.<\/li>\n<\/ol>\n<p style=\"text-align: justify;\">Stolica Apostolska dopiero po \u015bcis\u0142ych i dok\u0142adnych badaniach zezwoli\u0142a na obchodzenie \u015bwi\u0119ta, jak i na cze\u015b\u0107 wizerunk\u00f3w Jezusowego Serca w formach dzisiaj powszechnie przyj\u0119tych. Po raz drugi Ko\u015bci\u00f3\u0142 po\u015brednio zatwierdzi\u0142 objawienia, dane \u015bw. Ma\u0142gorzacie Marii Alacoque, kiedy po surowym procesie wyni\u00f3s\u0142 j\u0105 do chwa\u0142y o\u0142tarzy. Jej beatyfikacja odby\u0142a si\u0119 w roku 1864, a kanonizacja w roku 1920. Pierwszym z papie\u017cy, kt\u00f3ry zatwierdzi\u0142 nabo\u017ce\u0144stwo do Serca Pana Jezusa a tak\u017ce \u015bwi\u0119to dla niekt\u00f3rych diecezji i zakon\u00f3w by\u0142 Klemens XIII. Uczyni\u0142 to w roku 1765 &#8211; a wi\u0119c prawie w sto lat po wspomnianych objawieniach. Decyduj\u0105cym jednak w tej sprawie sta\u0142 si\u0119 memoria\u0142 biskup\u00f3w polskich wys\u0142any do tego\u017c papie\u017ca w 1765 roku. Memoria\u0142 podaje najpierw historyczny przegl\u0105d kultu, z kolei uzasadnia bardzo g\u0142\u0119boko godziwo\u015b\u0107 i po\u017cytki p\u0142yn\u0105ce z tego nabo\u017ce\u0144stwa. Papie\u017c Pius IX w roku 1856 rozszerzy\u0142 \u015bwi\u0119to Serca Pana Jezusa na ca\u0142y Ko\u015bci\u00f3\u0142. Leon XIII 31 grudnia 1899 roku odda\u0142 Sercu Jezusowemu w opiek\u0119 ca\u0142y Ko\u015bci\u00f3\u0142 i rodzaj ludzki.<\/p>\n<p style=\"text-align: justify;\">Ko\u015bci\u00f3\u0142 widzi w nabo\u017ce\u0144stwie do Serca Jezusowego znak mi\u0142o\u015bci Boga ku ludziom. Chce tak\u017ce rozbudzi\u0107 w sercach ludzkich wzajemn\u0105 mi\u0142o\u015b\u0107 ku Bogu poprzez to nabo\u017ce\u0144stwo. Nadto sam Chrystus nada\u0142 temu nabo\u017ce\u0144stwu wybitnie kierunek ekspiacyjny: ma nas ono uwra\u017cliwia\u0107 na grzech, mobilizowa\u0107 w imi\u0119 mi\u0142o\u015bci Chrystusa do walki z nim oraz do wynagradzania za tych, kt\u00f3rzy najwi\u0119cej rani\u0105 Bo\u017ce Serce. B\u00f3g jest mi\u0142o\u015bci\u0105. Z mi\u0142o\u015bci Bo\u017cego Serca istnieje ca\u0142y wszech\u015bwiat i rodzaj ludzki. Kiedy za\u015b rodzaj ludzki sprzeniewierzy\u0142 si\u0119 Panu Bogu, swojemu Stw\u00f3rcy, B\u00f3g nadal go nie przesta\u0142 mi\u0142owa\u0107. Dowodem za\u015b tej niepoj\u0119tej mi\u0142o\u015bci by\u0142o to, \u017ce da\u0142 swojego Syna. Uosobieniem tej najwi\u0119kszej Bo\u017cej mi\u0142o\u015bci jest Serce Jezusowe. Ta w\u0142a\u015bnie mi\u0142o\u015b\u0107 dla rodzaju ludzkiego kaza\u0142a Jezusowi przyj\u015b\u0107 na ziemi\u0119, przyj\u0105\u0107 dla zbawienia rodzaju ludzkiego okrutn\u0105 m\u0119k\u0119 i \u015bmier\u0107. Z mi\u0142o\u015bci tego Serca powsta\u0142 Ko\u015bci\u00f3\u0142, sakramenty \u015bwi\u0119te, a w\u015br\u00f3d nich Sakrament Mi\u0142o\u015bci &#8211; Eucharystia.<\/p>\n<p style=\"text-align: justify;\">Nabo\u017ce\u0144stwo do Serca Jezusowego nak\u0142ada r\u00f3wnie\u017c zobowi\u0105zania. Cz\u0142owiek nie powinien nadu\u017cywa\u0107 dobroci Bo\u017cego Serca. Powinien mie\u0107 do tego Serca nieograniczone zaufanie. Dlatego mo\u017ce i powinien ucieka\u0107 si\u0119 do tego\u017c Serca we wszystkich swoich potrzebach. Nie powinien jednak rani\u0107 tego\u017c Serca na nowo grzechami. Kiedy jednak s\u0142abo\u015b\u0107 ludzka na nowo pchnie nas w bagno grzechu i w niewol\u0119 szatana, mamy prawo zawsze ufa\u0107 w mi\u0142osierdzie Bo\u017ce, kt\u00f3re gotowe jest przyj\u015b\u0107 nam z pomoc\u0105 i nas wybawi\u0107.<\/p>\n<p style=\"text-align: justify;\">Nabo\u017ce\u0144stwo do Naj\u015bwi\u0119tszego Serca Jezusowego sk\u0142ania r\u00f3wnie\u017c do akt\u00f3w pokutnych za grzechy innych. Kto mi\u0142uje Bo\u017ce Serce, ten b\u0119dzie stara\u0142 si\u0119 temu\u017c Sercu wynagradza\u0107 za grzechy braci. Tak wi\u0119c nabo\u017ce\u0144stwo to budzi tak\u017ce \u015bwiadomo\u015b\u0107 i odpowiedzialno\u015b\u0107 spo\u0142eczn\u0105. Nabo\u017ce\u0144stwo do Serca Jezusowego nagli do na\u015bladowania cn\u00f3t tego Serca &#8211; a przede wszystkim mi\u0142o\u015bci we wszelkich jej przejawach.<\/p>\n<p style=\"text-align: justify;\">Istniej\u0105 rozmaite formy czci Naj\u015bwi\u0119tszego Serca Pana Jezusa.<\/p>\n<p style=\"text-align: justify;\">Pierwsz\u0105 z nich jest coroczna\u00a0<strong>uroczysto\u015b\u0107,<\/strong>\u00a0obchodzona w pi\u0105tek po oktawie Bo\u017cego Cia\u0142a.<\/p>\n<p style=\"text-align: justify;\">Miesi\u0105c\u00a0<strong>czerwiec<\/strong>\u00a0jest miesi\u0105cem Serca Jezusowego; szczeg\u00f3lnym or\u0119downikiem tej formy kultu by\u0142 papie\u017c Leona XIII (+ 1903) i jego nast\u0119pcy.<\/p>\n<p style=\"text-align: justify;\">Cz\u0119sto spotyka si\u0119 tak\u017ce\u00a0<strong>wizerunki<\/strong>\u00a0Serca Jezusowego: w postaci medalik\u00f3w, obrazk\u00f3w, obraz\u00f3w \u015bciennych, figur. Liczne s\u0105 tak\u017ce \u015bwi\u0105tynie po\u015bwi\u0119cone Sercu Jezusa &#8211; w samej Polsce jest ich ok. 400.<\/p>\n<p style=\"text-align: justify;\">Wiele narod\u00f3w i pa\u0144stw po\u015bwi\u0119ci\u0142o si\u0119 Sercu Pana Jezusa, m.in. Ekwador, Kolumbia, Belgia, Hiszpania, Francja, Meksyk, Polska. Istniej\u0105 te\u017c zakony pod nazw\u0105 Serca Jezusowego &#8211; m.in. sercanki, siostry Sacre Coeur, siostry urszulanki Serca Jezusa Konaj\u0105cego.<\/p>\n<p style=\"text-align: justify;\">Istniej\u0105 tak\u017ce konkretne pobo\u017cne praktyki ku czci Serca Jezusowego.<strong>Godzina \u015bwi\u0119ta<\/strong>\u00a0wywodzi si\u0119 od \u015bw. Ma\u0142gorzaty Marii Alacoque. Pan Jezus wyrazi\u0142 \u017cyczenie, aby wierni w nocy z czwartku na pierwszy pi\u0105tek miesi\u0105ca adorowali chocia\u017c przez godzin\u0119 Naj\u015bw. Sakrament dla uczczenia konania Chrystusa w Ogrodzie Oliwnym. Praktyk\u0119 t\u0119 przyswoi\u0142o sobie bardzo wiele parafii, odprawiaj\u0105c specjalne adoracje w godzinach wieczornych. Pan Jezus da\u0142 tak\u017ce \u015bw. Marii Ma\u0142gorzacie obietnic\u0119, \u017ce kto przez\u00a0<strong>dziewi\u0119\u0107 kolejnych pierwszych pi\u0105tk\u00f3w<\/strong>przyst\u0105pi do Komunii \u015bwi\u0119tej i ofiaruje j\u0105 jako wynagrodzenie za grzechy w\u0142asne i rodzaju ludzkiego, temu Bo\u017ce Serce zapewni mi\u0142osierdzie w chwili zgonu, \u017ce nie umrze bez Jego \u0142aski. Ko\u015bci\u00f3\u0142 wprawdzie nie zaaprobowa\u0142 urz\u0119dowo tej obietnicy, pozwala jednak ufa\u0107, \u017ce zostanie ona wype\u0142niona. Praktyka ta przyczyni\u0142a si\u0119 do spopularyzowania zwyczaju cz\u0119stej Komunii \u015bwi\u0119tej. Pierwsze\u00a0<strong>litanie\u00a0<\/strong>do Naj\u015bw. Serca Jezusowego powsta\u0142y w XVII wieku. Obecna pochodzi z wieku XIX. Jej pocz\u0105tek mia\u0142 miejsce w klasztorze si\u00f3str francuskich wizytek. Zatwierdzi\u0142 j\u0105 do odmawiania publicznego papie\u017c Leon XIII 2 kwietnia 1889 roku. On te\u017c do\u0142\u0105czy\u0142 do Litanii\u00a0<strong>akt po\u015bwi\u0119cenia rodzaju ludzkiego Naj\u015bw. Sercu Jezusowemu.<\/strong>\u00a0Papie\u017c Pius XI doda\u0142\u00a0<strong>akt Wynagrodzenia Sercu Jezusowemu,<\/strong>\u00a0kt\u00f3ry nakaza\u0142 odmawia\u0107 co roku w uroczysto\u015b\u0107 Serca Jezusowego.<\/p>\n<p style=\"text-align: justify;\"><a href=\"http:\/\/brewiarz.katolik.pl\/czytelnia\/nspj.php3\">http:\/\/brewiarz.katolik.pl\/czytelnia\/nspj.php3<\/a><\/p>\n<p style=\"text-align: justify;\">\n<p style=\"text-align: justify;\"><strong>Litania do Serca Jezusowego<\/strong><\/p>\n<p style=\"text-align: justify;\">\n<p style=\"text-align: justify;\">W 1720 r. w Marsylii wybuch\u0142a wielka zaraza. Aby wyprosi\u0107 ratunek dla miasta, odmawiano Litani\u0119 do Serca Jezusowego, kt\u00f3rej autork\u0105 by\u0142a wizytka &#8211; siostra Joanna Magdalena Joly. Nast\u0119pnie inna wizytka &#8211; siostra Anna Remusat wzbogaci\u0142a t\u0119 litani\u0119 o kilka nowych wezwa\u0144. W 1899 r. Kongregacja Obrz\u0119d\u00f3w zatwierdzi\u0142a litani\u0119 do publicznego odmawiania. Do istniej\u0105cych 27 wezwa\u0144 dodano 6 dalszych. W ten spos\u00f3b Litania licz\u0105ca 33 wezwania upami\u0119tnia ka\u017cdy rok \u017cycia Chrystusa na ziemi.<\/p>\n<p style=\"text-align: justify;\"><strong>Pierwszy raz w Polsce<\/strong>\u00a0nabo\u017ce\u0144stwo czerwcowe zosta\u0142o odprawione 1 czerwca 1857 w ko\u015bciele Si\u00f3str Wizytek w Lublinie. Papie\u017c Pius IX w roku 1859 poleci\u0142 sprawowa\u0107 to nabo\u017ce\u0144stwo w ca\u0142ej \u00f3wczesnej Polsce (b\u0119d\u0105cej pod zaborami).<\/p>\n<p style=\"text-align: justify;\">Ukoronowaniem kultu Naj\u015bwi\u0119tszego Serca Pana Jezusa by\u0142o po\u015bwi\u0119cenie ca\u0142ego rodzaju ludzkiego Naj\u015bwi\u0119tszemu Sercu Jezusa przez papie\u017ca Leona XIII w 1899 roku.<\/p>\n","protected":false},"excerpt":{"rendered":"<p>Kult Naj\u015bwi\u0119tszego Serca Pana Jezusa Czerwiec to miesi\u0105c w spos\u00f3b szczeg\u00f3lny po\u015bwi\u0119cony czci Naj\u015bwi\u0119tszego Serca Pana Jezusa. Kult Serca Jezusowego wywodzi si\u0119 z czas\u00f3w \u015bredniowiecza; pocz\u0105tkowo mia\u0142 charakter prywatny, z czasem ogarn\u0105\u0142 szerokie rzesze spo\u0142ecze\u0144stwa. Mistyka \u015bredniowiecza \u0142\u0105czy\u0142a kult Serca Jezusowego w bardzo \u017cywym nabo\u017ce\u0144stwem do Naj\u015bw. Rany boku Jezusa. Do najpierwszych, kt\u00f3rzy w Ranie&#8230;<\/p>\n<p class=\"custom-read-more\">\n                <a href=\"https:\/\/wagrowiec.paulini.pl\/?page_id=225\">Czytaj dalej<\/a>\n             <\/p>","protected":false},"author":1,"featured_media":0,"parent":163,"menu_order":0,"comment_status":"open","ping_status":"open","template":"","meta":{"om_disable_all_campaigns":false,"_monsterinsights_skip_tracking":false,"_monsterinsights_sitenote_active":false,"_monsterinsights_sitenote_note":"","_monsterinsights_sitenote_category":0,"footnotes":""},"class_list":["post-225","page","type-page","status-publish","hentry"],"aioseo_notices":[],"_links":{"self":[{"href":"https:\/\/wagrowiec.paulini.pl\/index.php?rest_route=\/wp\/v2\/pages\/225","targetHints":{"allow":["GET"]}}],"collection":[{"href":"https:\/\/wagrowiec.paulini.pl\/index.php?rest_route=\/wp\/v2\/pages"}],"about":[{"href":"https:\/\/wagrowiec.paulini.pl\/index.php?rest_route=\/wp\/v2\/types\/page"}],"author":[{"embeddable":true,"href":"https:\/\/wagrowiec.paulini.pl\/index.php?rest_route=\/wp\/v2\/users\/1"}],"replies":[{"embeddable":true,"href":"https:\/\/wagrowiec.paulini.pl\/index.php?rest_route=%2Fwp%2Fv2%2Fcomments&post=225"}],"version-history":[{"count":3,"href":"https:\/\/wagrowiec.paulini.pl\/index.php?rest_route=\/wp\/v2\/pages\/225\/revisions"}],"predecessor-version":[{"id":302,"href":"https:\/\/wagrowiec.paulini.pl\/index.php?rest_route=\/wp\/v2\/pages\/225\/revisions\/302"}],"up":[{"embeddable":true,"href":"https:\/\/wagrowiec.paulini.pl\/index.php?rest_route=\/wp\/v2\/pages\/163"}],"wp:attachment":[{"href":"https:\/\/wagrowiec.paulini.pl\/index.php?rest_route=%2Fwp%2Fv2%2Fmedia&parent=225"}],"curies":[{"name":"wp","href":"https:\/\/api.w.org\/{rel}","templated":true}]}}