{"id":229,"date":"2014-02-19T21:12:48","date_gmt":"2014-02-19T20:12:48","guid":{"rendered":"http:\/\/rrkserwis.nazwa.pl\/paulini\/?page_id=229"},"modified":"2016-08-09T12:02:45","modified_gmt":"2016-08-09T10:02:45","slug":"chrzest","status":"publish","type":"page","link":"https:\/\/wagrowiec.paulini.pl\/?page_id=229","title":{"rendered":"Chrzest"},"content":{"rendered":"<h4 style=\"text-align: justify;\"><strong>SAKRAMENT CHRZTU WED\u0141UG KODEKSU PRAWA KANONICZNEGO<\/strong><\/h4>\n<p style=\"text-align: center;\"><span style=\"color: #ff0000;\"><strong>CHRZTY W PARAFII ODBYWAJ\u0104 SI\u0118 W I NIEDZIEL\u0118 KA\u017bDEGO MIESI\u0104CA NA MSZY O GODZ. 12,30.\u00a0<\/strong><\/span><\/p>\n<p style=\"text-align: center;\"><span style=\"color: #ff0000;\"><strong>PRZED CHRZTEM RODZICE I CHRZESTNI \u00a0S\u0104 ZOBOWI\u0104ZANI DO KATECHEZY. ODBYWA SI\u0118 ONA W SOBOT\u0118 PRZED CHRZTEM O GODZ. 17.00<\/strong><\/span><\/p>\n<p style=\"text-align: justify;\"><strong>Kan. 851.<\/strong>\u00a0Sprawowanie chrztu powinno by\u0107 odpowiednio przygotowane, dlatego:<\/p>\n<p style=\"text-align: justify;\">1. doros\u0142y zamierzaj\u0105cy przyj\u0105\u0107 chrzest winien by\u0107 dopuszczony do katechumenatu i wedle mo\u017cno\u015bci przez r\u00f3\u017cne stopnie doprowadzony do wtajemniczenia sakramentalnego, zgodnie z obrz\u0119dem wtajemniczenia przystosowanym przez Konferencj\u0119 Episkopatu oraz ze szczeg\u00f3\u0142owymi przepisami przez ni\u0105 wydanymi;<\/p>\n<p style=\"text-align: justify;\">2. rodzice dziecka chrzczonego, jak r\u00f3wnie\u017c chrzestni, powinni by\u0107 nale\u017cycie pouczeni o znaczeniu tego sakramentu i o zwi\u0105zanych z nim obowi\u0105zkach. Proboszcz winien osobi\u015bcie lub przez innych zatroszczy\u0107 si\u0119, a\u017ceby rodzic\u00f3w w\u0142a\u015bciwie przygotowa\u0107 pasterskimi pouczeniami a tak\u017ce wsp\u00f3ln\u0105 modlitw\u0105, zbieraj\u0105c razem po kilka rodzin oraz, gdy to mo\u017cliwe, sk\u0142adaj\u0105c im wizyt\u0119.<\/p>\n<p style=\"text-align: justify;\"><strong>Kan. 855.<\/strong>\u00a0Rodzice, chrzestni i proboszcz powinni troszczy\u0107 si\u0119, by nie nadawa\u0107 imienia obcego duchowi chrze\u015bcija\u0144skiemu.<\/p>\n<p style=\"text-align: justify;\"><strong>Kan. 856.<\/strong>\u00a0Chocia\u017c chrzest mo\u017ce by\u0107 udzielany w jakimkolwiek dniu, jednak zaleca si\u0119, aby z zasady by\u0142 udzielany w niedziel\u0119 albo wedle mo\u017cno\u015bci w wigili\u0119 paschaln\u0105.<\/p>\n<p style=\"text-align: justify;\"><strong>Kan. 857.\u00a0<\/strong>\u00a7 1. Poza wypadkiem konieczno\u015bci, w\u0142a\u015bciwym miejscem chrztu jest ko\u015bci\u00f3\u0142 lub kaplica.<\/p>\n<p style=\"text-align: justify;\">\u00a7 2. Nale\u017cy uwa\u017ca\u0107 za regu\u0142\u0119, \u017ce doros\u0142y ma przyjmowa\u0107 chrzest we w\u0142asnym ko\u015bciele parafialnym, dziecko za\u015b w ko\u015bciele parafialnym jego rodzic\u00f3w, chyba \u017ce co innego doradza s\u0142uszna przyczyna.<\/p>\n<p style=\"text-align: justify;\"><strong>Kan. 867.<\/strong>\u00a0\u00a7 1. Rodzice maj\u0105 obowi\u0105zek troszczy\u0107 si\u0119, a\u017ceby ich dzieci zosta\u0142y ochrzczone w pierwszych tygodniach; mo\u017cliwie najszybciej po urodzeniu, a nawet jeszcze przed nim powinni si\u0119 uda\u0107 do proboszcza, by prosi\u0107 o sakrament dla dziecka i odpowiednio do niego si\u0119 przygotowa\u0107.<\/p>\n<p style=\"text-align: justify;\">\u00a7 2. Je\u015bli dziecko znajduje si\u0119 w niebezpiecze\u0144stwie \u015bmierci, powinno by\u0107 natychmiast ochrzczone.<\/p>\n<p style=\"text-align: justify;\"><strong>Kan. 868.<\/strong>\u00a0\u00a7 1. Do godziwego ochrzczenia dziecka wymaga si\u0119:<\/p>\n<p style=\"text-align: justify;\">1. aby zgodzili si\u0119 rodzice lub przynajmniej jedno z nich, lub ci, kt\u00f3rzy prawnie ich zast\u0119puj\u0105;<\/p>\n<p style=\"text-align: justify;\">2. aby istnia\u0142a uzasadniona nadzieja, \u017ce dziecko b\u0119dzie wychowane po katolicku; je\u015bli jej zupe\u0142nie nie ma, chrzest nale\u017cy od\u0142o\u017cy\u0107 zgodnie z postanowieniami prawa partykularnego, powiadamiaj\u0105c rodzic\u00f3w o przyczynie.<\/p>\n<p style=\"text-align: justify;\">\u00a7 2. Dziecko rodzic\u00f3w katolickich, a nawet i niekatolickich, znajduj\u0105ce si\u0119 w niebezpiecze\u0144stwie \u015bmierci, jest godziwie chrzczone, nawet wbrew woli rodzic\u00f3w.<\/p>\n<h4 style=\"text-align: justify;\"><strong>CHRZESTNI<\/strong><\/h4>\n<p style=\"text-align: justify;\"><strong>Kan. 872<\/strong>. Przyjmuj\u0105cy chrzest powinien mie\u0107, je\u015bli to mo\u017cliwe, chrzestnego. Ma on doros\u0142emu towarzyszy\u0107 w chrze\u015bcija\u0144skim wtajemniczeniu, a dziecko wraz z rodzicami przedstawia\u0107 do chrztu oraz pomaga\u0107, \u017ceby ochrzczony prowadzi\u0142 \u017cycie chrze\u015bcija\u0144skie odpowiadaj\u0105ce przyj\u0119temu sakramentowi i wype\u0142nia\u0142 wiernie z\u0142\u0105czone z nim obowi\u0105zki.<\/p>\n<p style=\"text-align: justify;\"><strong>Kan. 873.<\/strong>\u00a0Nale\u017cy wybra\u0107 jednego tylko chrzestnego lub chrzestn\u0105, albo dwoje chrzestnych.<\/p>\n<p style=\"text-align: justify;\"><strong>Kan. 874.<\/strong>\u00a0\u00a7 1. Do przyj\u0119cia zadania chrzestnego mo\u017ce by\u0107 dopuszczony ten, kto:<\/p>\n<p style=\"text-align: justify;\">1. jest wyznaczony przez przyjmuj\u0105cego chrzest albo przez jego rodzic\u00f3w, albo przez tego, kto ich zast\u0119puje, a gdy tych nie ma, przez proboszcza lub szafarza chrztu, i posiada wymagane do tego kwalifikacje oraz intencj\u0119 pe\u0142nienia tego zadania;<\/p>\n<p style=\"text-align: justify;\">2. uko\u0144czy\u0142 szesna\u015bcie lat, chyba \u017ce biskup diecezjalny okre\u015bli\u0142 inny wiek albo proboszcz lub szafarz jest zdania, \u017ce s\u0142uszna przyczyna zaleca dopuszczenie wyj\u0105tku;<\/p>\n<p style=\"text-align: justify;\">3. jest katolikiem, bierzmowanym i przyj\u0105\u0142 ju\u017c sakrament Naj\u015bwi\u0119tszej Eucharystii oraz prowadzi \u017cycie zgodne z wiar\u0105 i odpowiadaj\u0105ce funkcji, jak\u0105 ma pe\u0142ni\u0107;<\/p>\n<p style=\"text-align: justify;\">4. jest wolny od jakiejkolwiek kary kanonicznej, zgodnie z prawem wymierzonej lub deklarowanej;<\/p>\n<p style=\"text-align: justify;\">5. nie jest ojcem lub matk\u0105 przyjmuj\u0105cego chrzest.<\/p>\n<p style=\"text-align: justify;\">\u00a7 2. Ochrzczony, nale\u017c\u0105cy do niekatolickiej wsp\u00f3lnoty ko\u015bcielnej, mo\u017ce by\u0107 dopuszczony tylko razem z chrzestnym katolikiem i to jedynie jako\u00a0<em>\u015bwiadek chrztu<\/em>.<\/p>\n<h4 style=\"text-align: justify;\"><strong>KATECHIZM KO\u015aCIO\u0141A KATOLICKIEGO O CHRZCIE DZIECI<\/strong><\/h4>\n<p style=\"text-align: justify;\"><strong>1250.<\/strong>\u00a0\u00a0Dzieci, rodz\u0105c si\u0119 z upad\u0142\u0105 i ska\u017con\u0105 grzechem pierworodnym natur\u0105, r\u00f3wnie\u017c potrzebuj\u0105 nowego narodzenia w chrzcie (<em>Por. Sob\u00f3r Trydencki: DS 1514<\/em>), aby zosta\u0142y wyzwolone z mocy ciemno\u015bci i przeniesione do Kr\u00f3lestwa wolno\u015bci dzieci Bo\u017cych (<em>Por. Kol 1, 12-14<\/em>), do kt\u00f3rego s\u0105 powo\u0142ani wszyscy ludzie. Czysta darmowo\u015b\u0107 \u0142aski zbawienia jest szczeg\u00f3lnie widoczna przy chrzcie dzieci. Gdyby Ko\u015bci\u00f3\u0142 i rodzice nie dopuszczali dziecka do chrztu zaraz po urodzeniu, pozbawialiby je bezcennej \u0142aski stania si\u0119 dzieckiem Bo\u017cym (<em>KPK, kan. 867; KKKW, kan. 681; 686, \u00a7 1<\/em>).<\/p>\n<p style=\"text-align: justify;\"><strong>1251.<\/strong>\u00a0\u00a0Rodzice chrze\u015bcija\u0144scy powinni uzna\u0107, \u017ce taka praktyka odpowiada tak\u017ce ich roli opiekun\u00f3w \u017cycia, powierzonej im przez Boga (<em>Por. Sob\u00f3r Watyka\u0144ski II, konst. Lumen gentium, 11; 41; konst. Gaudium et spes, 48; KPK, kan. 868<\/em>).<\/p>\n<h4 style=\"text-align: justify;\"><strong>WIARA I CHRZEST<\/strong><\/h4>\n<p style=\"text-align: justify;\"><strong>1253.<\/strong>\u00a0\u00a0Chrzest jest sakramentem wiary (<em>Por. Mk 16, 16<\/em>). Wiara jednak potrzebuje wsp\u00f3lnoty wierz\u0105cych. Ka\u017cdy wierny mo\u017ce wierzy\u0107 jedynie w wierze Ko\u015bcio\u0142a. Wiara wymagana do chrztu nie jest wiar\u0105 doskona\u0142\u0105 i dojrza\u0142\u0105, ale zacz\u0105tkiem, kt\u00f3ry ma si\u0119 rozwija\u0107. Gdy katechumeni lub rodzice chrzestni s\u0142ysz\u0105 skierowane do siebie pytanie: &#8222;O co prosicie Ko\u015bci\u00f3\u0142 Bo\u017cy?&#8221;, odpowiadaj\u0105: &#8222;O wiar\u0119!&#8221;<\/p>\n<p style=\"text-align: justify;\"><strong>1254.\u00a0<\/strong>\u00a0U wszystkich ochrzczonych, dzieci i doros\u0142ych, po chrzcie wiara powinna wzrasta\u0107. Dlatego co roku podczas Wigilii Paschalnej Ko\u015bci\u00f3\u0142 celebruje odnowienie przyrzecze\u0144 chrztu. Przygotowanie do chrztu stawia cz\u0142owieka jedynie na progu nowego \u017cycia. Chrzest jest \u017ar\u00f3d\u0142em nowego \u017cycia w Chrystusie; z niego wyp\u0142ywa ca\u0142e \u017cycie chrze\u015bcija\u0144skie.<\/p>\n<p style=\"text-align: justify;\"><strong>1255.<\/strong>\u00a0\u00a0Aby mog\u0142a rozwija\u0107 si\u0119 \u0142aska chrztu, potrzebna jest pomoc rodzic\u00f3w. Na tym polega tak\u017ce rola rodzic\u00f3w chrzestnych, kt\u00f3rzy powinni by\u0107 g\u0142\u0119boko wierz\u0105cy, a tak\u017ce zdolni i gotowi s\u0142u\u017cy\u0107 pomoc\u0105 nowo ochrzczonemu, zar\u00f3wno dziecku, jak doros\u0142emu, na drodze \u017cycia chrze\u015bcija\u0144skiego (<em>Por. KPK, kan. 872-874<\/em>). Ich misja jest prawdziw\u0105 funkcj\u0105 eklezjaln\u0105 (<em>Officium<\/em>) (<em>Por. Sob\u00f3r Watyka\u0144ski II, konst. Sacrosanctum Concilium<\/em>), Ca\u0142a wsp\u00f3lnota eklezjalna ponosi cz\u0119\u015bciowo odpowiedzialno\u015b\u0107 za rozw\u00f3j i zachowywanie \u0142aski otrzymanej na chrzcie.<\/p>\n<p style=\"text-align: justify;\"><strong>1311.<\/strong>\u00a0\u00a0Przy bierzmowaniu, podobnie jak przy chrzcie, kandydaci powinni poszukiwa\u0107 pomocy duchowej, wybieraj\u0105c sobie\u00a0<em>\u015bwiadka bierzmowania<\/em>. Zaleca si\u0119, \u017ceby by\u0142 nim kto\u015b z rodzic\u00f3w chrzestnych, by wyra\u017anie zaznaczy\u0107 jedno\u015b\u0107 obu sakrament\u00f3w (<em>Por. Obrz\u0119dy bierzmowania, Praenotanda, 5; 6; KPK, kan. 893, \u00a7 1. \u00a7 2<\/em>).<\/p>\n<h4 style=\"text-align: justify;\">CHRZEST W\u00a0KLASZTORZE PAULIN\u00d3W\u00a0I PARAFII WNIEBOWZI\u0118CIA NMP\u00a0W W\u0104GROWCU<\/h4>\n<p style=\"text-align: justify;\"><span style=\"color: #ff0000;\"><strong>1.\u00a0 Chrztu udziela si\u0119 w pierwsz\u0105\u00a0niedziel\u0119 miesi\u0105ca na Mszy \u015bw. o godz. 12.30<\/strong><\/span><\/p>\n<p style=\"text-align: justify;\"><strong>2.\u00a0\u00a0Do kancelarii parafialnej zg\u0142aszaj\u0105 si\u0119 rodzice dziecka maj\u0105cego przyj\u0105\u0107 chrzest ok. miesi\u0105ca przed planowanym chrztem dziecka z nast\u0119puj\u0105cymi dokumentami:<\/strong><\/p>\n<p style=\"text-align: justify;\">a) z aktem urodzenia dziecka i dowodami osobistymi<\/p>\n<p style=\"text-align: justify;\">b) z za\u015bwiadczeniami chrzestnych je\u015bli nie s\u0105 z parafii NMP<\/p>\n<p style=\"text-align: justify;\">c) \u015bwiadectwem \u015blubu ko\u015bcielnego je\u015bli nie s\u0105 znani osobi\u015bcie proboszczowi zw\u0142aszcza, gdy niedawno zamieszkali na terenie parafii<\/p>\n<p style=\"text-align: justify;\">d) rodzice przedstawiaj\u0105 dane chrzestnych proboszczowi do akceptacji<\/p>\n<p style=\"text-align: justify;\">e) gdy chrzestnymi jest m\u0142odzie\u017c ucz\u0105ca si\u0119 w szkole gimnazjalnej i \u015bredniej przedstawiaj\u0105 za\u015bwiadczenia, \u017ce ucz\u0119szczaj\u0105 na katechizacj\u0119 z opini\u0105 katechety o zachowaniu si\u0119 na lekcjach religii.<\/p>\n<p style=\"text-align: justify;\"><strong>Osoby pozostaj\u0105ce w niesakramentalnym zwi\u0105zku ma\u0142\u017ce\u0144skim nie mog\u0105 pe\u0142ni\u0107 funkcji rodzic\u00f3w chrzestnych.<\/strong><\/p>\n<p style=\"text-align: center;\">\n","protected":false},"excerpt":{"rendered":"<p>SAKRAMENT CHRZTU WED\u0141UG KODEKSU PRAWA KANONICZNEGO CHRZTY W PARAFII ODBYWAJ\u0104 SI\u0118 W I NIEDZIEL\u0118 KA\u017bDEGO MIESI\u0104CA NA MSZY O GODZ. 12,30.\u00a0 PRZED CHRZTEM RODZICE I CHRZESTNI \u00a0S\u0104 ZOBOWI\u0104ZANI DO KATECHEZY. ODBYWA SI\u0118 ONA W SOBOT\u0118 PRZED CHRZTEM O GODZ. 17.00 Kan. 851.\u00a0Sprawowanie chrztu powinno by\u0107 odpowiednio przygotowane, dlatego: 1. doros\u0142y zamierzaj\u0105cy przyj\u0105\u0107 chrzest winien by\u0107&#8230;<\/p>\n<p class=\"custom-read-more\">\n                <a href=\"https:\/\/wagrowiec.paulini.pl\/?page_id=229\">Czytaj dalej<\/a>\n             <\/p>","protected":false},"author":1,"featured_media":0,"parent":165,"menu_order":0,"comment_status":"open","ping_status":"open","template":"","meta":{"om_disable_all_campaigns":false,"_monsterinsights_skip_tracking":false,"_monsterinsights_sitenote_active":false,"_monsterinsights_sitenote_note":"","_monsterinsights_sitenote_category":0,"footnotes":""},"class_list":["post-229","page","type-page","status-publish","hentry"],"aioseo_notices":[],"_links":{"self":[{"href":"https:\/\/wagrowiec.paulini.pl\/index.php?rest_route=\/wp\/v2\/pages\/229","targetHints":{"allow":["GET"]}}],"collection":[{"href":"https:\/\/wagrowiec.paulini.pl\/index.php?rest_route=\/wp\/v2\/pages"}],"about":[{"href":"https:\/\/wagrowiec.paulini.pl\/index.php?rest_route=\/wp\/v2\/types\/page"}],"author":[{"embeddable":true,"href":"https:\/\/wagrowiec.paulini.pl\/index.php?rest_route=\/wp\/v2\/users\/1"}],"replies":[{"embeddable":true,"href":"https:\/\/wagrowiec.paulini.pl\/index.php?rest_route=%2Fwp%2Fv2%2Fcomments&post=229"}],"version-history":[{"count":9,"href":"https:\/\/wagrowiec.paulini.pl\/index.php?rest_route=\/wp\/v2\/pages\/229\/revisions"}],"predecessor-version":[{"id":3617,"href":"https:\/\/wagrowiec.paulini.pl\/index.php?rest_route=\/wp\/v2\/pages\/229\/revisions\/3617"}],"up":[{"embeddable":true,"href":"https:\/\/wagrowiec.paulini.pl\/index.php?rest_route=\/wp\/v2\/pages\/165"}],"wp:attachment":[{"href":"https:\/\/wagrowiec.paulini.pl\/index.php?rest_route=%2Fwp%2Fv2%2Fmedia&parent=229"}],"curies":[{"name":"wp","href":"https:\/\/api.w.org\/{rel}","templated":true}]}}