{"id":306,"date":"2014-03-05T21:07:46","date_gmt":"2014-03-05T20:07:46","guid":{"rendered":"http:\/\/rrkserwis.nazwa.pl\/paulini\/?page_id=306"},"modified":"2014-03-05T21:11:22","modified_gmt":"2014-03-05T20:11:22","slug":"katolicki-pogrzeb","status":"publish","type":"page","link":"https:\/\/wagrowiec.paulini.pl\/?page_id=306","title":{"rendered":"Katolicki pogrzeb"},"content":{"rendered":"<p style=\"text-align: justify;\"><strong>POGRZEB KATOLICKI\u00a0<\/strong><\/p>\n<p style=\"text-align: justify;\">1. Zg\u0142aszaj\u0105c pogrzeb do kancelarii, nale\u017cy przynie\u015b\u0107 dokumenty otrzymane w USC.<\/p>\n<p style=\"text-align: justify;\">2. Nasz udzia\u0142 w obrz\u0119dach pogrzebowych niech b\u0119dzie wyrazem wiary w \u017cycie wieczne.<\/p>\n<p style=\"text-align: justify;\">3. Rodzina zmar\u0142ego niech przyst\u0105pi wcze\u015bniej do Sakramentu Pokuty. W czasie ka\u017cdego pogrzebu w konfesjonale jest kap\u0142an \u2013 szczeg\u00f3lnie dla tych, \u00a0kt\u00f3rzy przyje\u017cd\u017caj\u0105 z daleka.<\/p>\n<p style=\"text-align: justify;\">4. Zamawiaj\u0105c nekrolog zmar\u0142ego w firmie pogrzebowej prosimy pisa\u0107 na nim prawd\u0119, zw\u0142aszcza je\u015bli chodzi o zaopatrzenie, b\u0105d\u017a nie zaopatrzenie Sakramentem Namaszczenia Chorych.<\/p>\n<p style=\"text-align: justify;\">5. Starajmy si\u0119 wszyscy w czasie Mszy \u015bwi\u0119tej\u00a0pogrzebowej przyst\u0105pi\u0107 do Komunii \u015bwi\u0119tej i ofiarowa\u0107 J\u0105\u00a0za zmar\u0142ego.<\/p>\n<p style=\"text-align: justify;\">6. Prosimy, aby Msze \u015bwi\u0119te\u00a0za zmar\u0142ego z racji pogrzebu zamawia\u0107 nieco wcze\u015bniej, a nie w ostatniej chwili tu\u017c przed rozpocz\u0119ciem liturgii\u00a0pogrzebowej.<\/p>\n<p style=\"text-align: justify;\">7.\u00a0Pogrzeb katolicki nie przys\u0142uguje tym, kt\u00f3rzy \u015bwiadomie i dobrowolnie zerwali \u0142\u0105czno\u015b\u0107 z Ko\u015bcio\u0142em lub zmarli bez pokuty w gorsz\u0105cych okoliczno\u015bciach albo z pogard\u0105 dla Ko\u015bcio\u0142a, uparcie odmawiaj\u0105c przyj\u0119cia sakrament\u00f3w.<\/p>\n<p style=\"text-align: justify;\"><strong>Kodeks Prawa Kanonicznego:<\/strong><\/p>\n<p style=\"text-align: justify;\"><strong>Kan. 1176 &#8211;<\/strong><\/p>\n<p style=\"text-align: justify;\"><strong>\u00a7 1.\u00a0<\/strong>Wierni zmarli powinni otrzyma\u0107 pogrzeb ko\u015bcielny, zgodnie z przepisem prawa.<\/p>\n<p style=\"text-align: justify;\"><strong>\u00a7 2.\u00a0<\/strong>Pogrzeb ko\u015bcielny, w kt\u00f3rym Ko\u015bci\u00f3\u0142 wyprasza duchow\u0105 pomoc zmar\u0142ym, okazuje szacunek ich cia\u0142u i r\u00f3wnocze\u015bnie \u017cywym niesie pociech\u0119 nadziei, nale\u017cy odprawia\u0107 z zachowaniem przepis\u00f3w liturgicznych.<\/p>\n<p style=\"text-align: justify;\"><strong>\u00a7 3.\u00a0<\/strong>Ko\u015bci\u00f3\u0142 usilnie zaleca zachowanie pobo\u017cnego zwyczaju grzebania cia\u0142 zmar\u0142ych. Nie zabrania jednak kremacji, je\u015bli nie zosta\u0142a wybrana z pobudek przeciwnych nauce chrze\u015bcija\u0144skiej.<\/p>\n<p style=\"text-align: justify;\"><strong>Kan. 1177 &#8211;<\/strong><\/p>\n<p style=\"text-align: justify;\"><strong>\u00a7 1.\u00a0<\/strong>Nabo\u017ce\u0144stwo pogrzebowe za ka\u017cdego wiernego winno by\u0107 z regu\u0142y odprawione w jego w\u0142asnym ko\u015bciele parafialnym,<\/p>\n<p style=\"text-align: justify;\"><strong>\u00a7 2.\u00a0<\/strong>Ka\u017cdy jednak wierny albo ci, do kt\u00f3rych nale\u017cy troska o pogrzeb zmar\u0142ego, mog\u0105 wybra\u0107 inny ko\u015bci\u00f3\u0142 na pogrzeb, za zgod\u0105 tego, kto nim zarz\u0105dza, i po zawiadomieniu w\u0142asnego proboszcza.<\/p>\n<p style=\"text-align: justify;\"><strong>\u00a7 3.\u00a0<\/strong>Je\u015bli \u015bmier\u0107 nast\u0105pi\u0142a poza w\u0142asn\u0105 parafi\u0105 i nie przeniesiono do niej zw\u0142ok ani nie zosta\u0142 zgodnie z prawem wybrany inny ko\u015bci\u00f3\u0142 pogrzebu, nabo\u017ce\u0144stwo nale\u017cy odprawi\u0107 w ko\u015bciele parafii, gdzie \u015bmier\u0107 nast\u0105pi\u0142a, chyba \u017ce prawo partykularne wyznacza inny ko\u015bci\u00f3\u0142.<\/p>\n<p style=\"text-align: justify;\"><strong>Kan. 1184 &#8211;<\/strong><\/p>\n<p style=\"text-align: justify;\"><strong>\u00a7 1.\u00a0<\/strong>Je\u015bli przed \u015bmierci\u0105 nie dali \u017cadnych oznak pokuty,\u00a0<strong>pogrzebu ko\u015bcielnego powinni by\u0107 pozbawieni<\/strong>:<\/p>\n<p style=\"text-align: justify;\">1\u00b0 notoryczni apostaci, heretycy i schizmatycy;<\/p>\n<p style=\"text-align: justify;\">2\u00b0 osoby, kt\u00f3re wybra\u0142y spalenie swojego cia\u0142a z motyw\u00f3w przeciwnych wierze chrze\u015bcija\u0144skiej;<\/p>\n<p style=\"text-align: justify;\">3\u00b0 inni jawni grzesznicy, kt\u00f3rym nie mo\u017cna przyzna\u0107 pogrzebu bez publicznego zgorszenia wiernych.<\/p>\n<p style=\"text-align: justify;\"><strong>\u00a7 2.\u00a0<\/strong>Gdy powstaje jaka\u015b w\u0105tpliwo\u015b\u0107, nale\u017cy si\u0119 zwr\u00f3ci\u0107 do miejscowego ordynariusza (za po\u015brednictwem Proboszcza parafii), do kt\u00f3rego decyzji nale\u017cy si\u0119 dostosowa\u0107.<\/p>\n<p style=\"text-align: justify;\"><strong>Kan. 1185<\/strong>&#8211;\u00a0Pozbawienie pogrzebu zawiera w sobie tak\u017ce odmow\u0119 odprawienia jakiejkolwiek Mszy \u015bwi\u0119tej pogrzebowej.<\/p>\n","protected":false},"excerpt":{"rendered":"<p>POGRZEB KATOLICKI\u00a0 1. Zg\u0142aszaj\u0105c pogrzeb do kancelarii, nale\u017cy przynie\u015b\u0107 dokumenty otrzymane w USC. 2. Nasz udzia\u0142 w obrz\u0119dach pogrzebowych niech b\u0119dzie wyrazem wiary w \u017cycie wieczne. 3. Rodzina zmar\u0142ego niech przyst\u0105pi wcze\u015bniej do Sakramentu Pokuty. W czasie ka\u017cdego pogrzebu w konfesjonale jest kap\u0142an \u2013 szczeg\u00f3lnie dla tych, \u00a0kt\u00f3rzy przyje\u017cd\u017caj\u0105 z daleka. 4. Zamawiaj\u0105c nekrolog zmar\u0142ego&#8230;<\/p>\n<p class=\"custom-read-more\">\n                <a href=\"https:\/\/wagrowiec.paulini.pl\/?page_id=306\">Czytaj dalej<\/a>\n             <\/p>","protected":false},"author":1,"featured_media":0,"parent":163,"menu_order":0,"comment_status":"open","ping_status":"open","template":"","meta":{"om_disable_all_campaigns":false,"_monsterinsights_skip_tracking":false,"_monsterinsights_sitenote_active":false,"_monsterinsights_sitenote_note":"","_monsterinsights_sitenote_category":0,"footnotes":""},"class_list":["post-306","page","type-page","status-publish","hentry"],"aioseo_notices":[],"_links":{"self":[{"href":"https:\/\/wagrowiec.paulini.pl\/index.php?rest_route=\/wp\/v2\/pages\/306","targetHints":{"allow":["GET"]}}],"collection":[{"href":"https:\/\/wagrowiec.paulini.pl\/index.php?rest_route=\/wp\/v2\/pages"}],"about":[{"href":"https:\/\/wagrowiec.paulini.pl\/index.php?rest_route=\/wp\/v2\/types\/page"}],"author":[{"embeddable":true,"href":"https:\/\/wagrowiec.paulini.pl\/index.php?rest_route=\/wp\/v2\/users\/1"}],"replies":[{"embeddable":true,"href":"https:\/\/wagrowiec.paulini.pl\/index.php?rest_route=%2Fwp%2Fv2%2Fcomments&post=306"}],"version-history":[{"count":2,"href":"https:\/\/wagrowiec.paulini.pl\/index.php?rest_route=\/wp\/v2\/pages\/306\/revisions"}],"predecessor-version":[{"id":308,"href":"https:\/\/wagrowiec.paulini.pl\/index.php?rest_route=\/wp\/v2\/pages\/306\/revisions\/308"}],"up":[{"embeddable":true,"href":"https:\/\/wagrowiec.paulini.pl\/index.php?rest_route=\/wp\/v2\/pages\/163"}],"wp:attachment":[{"href":"https:\/\/wagrowiec.paulini.pl\/index.php?rest_route=%2Fwp%2Fv2%2Fmedia&parent=306"}],"curies":[{"name":"wp","href":"https:\/\/api.w.org\/{rel}","templated":true}]}}