{"id":65,"date":"2014-02-10T17:43:25","date_gmt":"2014-02-10T16:43:25","guid":{"rendered":"http:\/\/rrkserwis.nazwa.pl\/paulini\/?page_id=65"},"modified":"2025-07-25T21:28:06","modified_gmt":"2025-07-25T19:28:06","slug":"kancelaria","status":"publish","type":"page","link":"https:\/\/wagrowiec.paulini.pl\/?page_id=65","title":{"rendered":"Kontakt"},"content":{"rendered":"<p style=\"text-align: justify;\"><a href=\"http:\/\/rrkserwis.nazwa.pl\/paulini\/wp-content\/uploads\/2014\/02\/o-kancelarii.jpg\"><img loading=\"lazy\" decoding=\"async\" class=\"size-medium wp-image-67 aligncenter\" src=\"http:\/\/rrkserwis.nazwa.pl\/paulini\/wp-content\/uploads\/2014\/02\/o-kancelarii-300x199.jpg\" alt=\"o-kancelarii\" width=\"300\" height=\"199\" srcset=\"https:\/\/wagrowiec.paulini.pl\/wp-content\/uploads\/2014\/02\/o-kancelarii-300x199.jpg 300w, https:\/\/wagrowiec.paulini.pl\/wp-content\/uploads\/2014\/02\/o-kancelarii.jpg 425w\" sizes=\"auto, (max-width: 300px) 100vw, 300px\" \/><\/a><\/p>\n<h3 style=\"text-align: center;\">KLASZTOR PAULIN\u00d3W<br \/>\nI PARAFIA WNIEBOWZI\u0118CIA NMP<br \/>\nW W\u0104GROWCU<\/h3>\n<p style=\"text-align: center;\"><em style=\"line-height: 1.5em;\"><strong>Kancelaria parafialna <\/strong><\/em><em style=\"line-height: 1.5em;\"><strong>czynna<br \/>\n<\/strong><\/em><em style=\"line-height: 1.5em;\"><strong>od poniedzia\u0142ku do pi\u0105tku<br \/>\n<\/strong><\/em><em style=\"line-height: 1.5em;\"><strong>w godz. 18.45 &#8211; 19.15<br \/>\n<\/strong><\/em><em style=\"line-height: 1.5em;\"><strong>ul. Klasztorna 21, 62-100 W\u0105growiec<br \/>\n<\/strong><\/em><em style=\"line-height: 1.5em;\"><strong>tel: 67 262-01-25<br \/>\n<\/strong><\/em><em style=\"line-height: 1.5em;\"><strong>\u00a0 \u00a0 \u00a0 \u00a0 \u00a0 \u00a0 \u00a0 \u00a0 \u00a0 \u00a0 \u00a0 \u00a0 \u00a0 \u00a0 \u00a0 \u00a0 \u00a0 \u00a0 \u00a0 e-mail: <span style=\"color: #0000ff;\">wagrowiec.paulini@gmail.com \u00a0<\/span>\u00a0 \u00a0 \u00a0 \u00a0 \u00a0 \u00a0 \u00a0 \u00a0 \u00a0 \u00a0 \u00a0 \u00a0 \u00a0 \u00a0 \u00a0 \u00a0 \u00a0\u00a0<\/strong><\/em><\/p>\n<p style=\"text-align: center;\"><em><strong><span style=\"text-decoration: underline;\">Konto bankowe<\/span>:<\/strong><\/em><strong>\u00a0<\/strong><em><strong>Bank Pekao S.A. I\/o W\u0105growiec<br \/>\n<\/strong><\/em><strong>nr 64 1240 3725 1111 0010 5361 1193<\/strong><\/p>\n<p style=\"text-align: center;\"><strong><span style=\"font-size: 14pt;\"><span style=\"text-decoration: underline;\">Godziny mszy \u015bw.<\/span><\/span><\/strong><\/p>\n<p style=\"text-align: center;\"><span style=\"color: #ff0000;\"><strong><span style=\"text-decoration: underline;\">Ko\u015bci\u00f3\u0142 \u015aw. App. Piotra i Paw\u0142a<\/span><\/strong><\/span><\/p>\n<p style=\"text-align: center;\"><strong>\u00a0 \u00a0 \u00a0 \u00a0 \u00a0 \u00a0 \u00a0 \u00a0 \u00a0 \u00a0 \u00a0 \u00a0 \u00a0 \u00a0 \u00a0 \u00a0 \u00a0 \u00a0 \u00a0 &#8211; Niedziela i \u015bwi\u0119ta: 7.30; 11.00\u00a0 \u00a0 \u00a0 \u00a0 \u00a0 \u00a0 \u00a0 \u00a0 \u00a0 \u00a0 \u00a0 \u00a0 \u00a0 \u00a0 \u00a0 \u00a0 \u00a0 \u00a0 <\/strong><\/p>\n<p style=\"text-align: center;\"><strong>&#8211; Dni powszednie: 9.00<\/strong><\/p>\n<p style=\"text-align: center;\"><span style=\"font-size: 14pt; color: #ff0000;\"><strong><span style=\"text-decoration: underline;\">Klasztor<\/span><\/strong><\/span><\/p>\n<p style=\"text-align: center;\"><strong><span style=\"color: #000000;\">&#8211; Niedziela i \u015bwi\u0119ta: 9.30; 12.30; 18.00<\/span><\/strong><\/p>\n<p style=\"text-align: center;\"><strong>&#8211; Dni powszednie: 18.00<\/strong><\/p>\n<p style=\"text-align: center;\"><span style=\"text-decoration: underline;\"><strong>Codzienna adoracja Naj\u015bwi\u0119tszego Sakramentu:<\/strong><\/span><\/p>\n<p style=\"text-align: center;\"><strong>&#8211; w godz. 17.00 &#8211; 18.00<\/strong><\/p>\n<p>&nbsp;<\/p>\n<p style=\"text-align: center;\">\n","protected":false},"excerpt":{"rendered":"<p>KLASZTOR PAULIN\u00d3W I PARAFIA WNIEBOWZI\u0118CIA NMP W W\u0104GROWCU Kancelaria parafialna czynna od poniedzia\u0142ku do pi\u0105tku w godz. 18.45 &#8211; 19.15 ul. Klasztorna 21, 62-100 W\u0105growiec tel: 67 262-01-25 \u00a0 \u00a0 \u00a0 \u00a0 \u00a0 \u00a0 \u00a0 \u00a0 \u00a0 \u00a0 \u00a0 \u00a0 \u00a0 \u00a0 \u00a0 \u00a0 \u00a0 \u00a0 \u00a0 e-mail: wagrowiec.paulini@gmail.com \u00a0\u00a0 \u00a0 \u00a0 \u00a0 \u00a0 \u00a0&#8230;<\/p>\n<p class=\"custom-read-more\">\n                <a href=\"https:\/\/wagrowiec.paulini.pl\/?page_id=65\">Czytaj dalej<\/a>\n             <\/p>","protected":false},"author":1,"featured_media":0,"parent":91,"menu_order":0,"comment_status":"open","ping_status":"open","template":"","meta":{"om_disable_all_campaigns":false,"_monsterinsights_skip_tracking":false,"_monsterinsights_sitenote_active":false,"_monsterinsights_sitenote_note":"","_monsterinsights_sitenote_category":0,"footnotes":""},"class_list":["post-65","page","type-page","status-publish","hentry"],"aioseo_notices":[],"_links":{"self":[{"href":"https:\/\/wagrowiec.paulini.pl\/index.php?rest_route=\/wp\/v2\/pages\/65","targetHints":{"allow":["GET"]}}],"collection":[{"href":"https:\/\/wagrowiec.paulini.pl\/index.php?rest_route=\/wp\/v2\/pages"}],"about":[{"href":"https:\/\/wagrowiec.paulini.pl\/index.php?rest_route=\/wp\/v2\/types\/page"}],"author":[{"embeddable":true,"href":"https:\/\/wagrowiec.paulini.pl\/index.php?rest_route=\/wp\/v2\/users\/1"}],"replies":[{"embeddable":true,"href":"https:\/\/wagrowiec.paulini.pl\/index.php?rest_route=%2Fwp%2Fv2%2Fcomments&post=65"}],"version-history":[{"count":23,"href":"https:\/\/wagrowiec.paulini.pl\/index.php?rest_route=\/wp\/v2\/pages\/65\/revisions"}],"predecessor-version":[{"id":16506,"href":"https:\/\/wagrowiec.paulini.pl\/index.php?rest_route=\/wp\/v2\/pages\/65\/revisions\/16506"}],"up":[{"embeddable":true,"href":"https:\/\/wagrowiec.paulini.pl\/index.php?rest_route=\/wp\/v2\/pages\/91"}],"wp:attachment":[{"href":"https:\/\/wagrowiec.paulini.pl\/index.php?rest_route=%2Fwp%2Fv2%2Fmedia&parent=65"}],"curies":[{"name":"wp","href":"https:\/\/api.w.org\/{rel}","templated":true}]}}